{"id":360,"date":"2021-11-24T15:40:10","date_gmt":"2021-11-24T14:40:10","guid":{"rendered":"https:\/\/smartraceapps.com\/?page_id=360"},"modified":"2024-10-28T16:05:24","modified_gmt":"2024-10-28T15:05:24","slug":"startseite-2","status":"publish","type":"page","link":"https:\/\/www.smartraceapps.com\/de\/","title":{"rendered":"Startseite"},"content":{"rendered":"<div class=\"gb-container gb-container-efde37ad\">\n<div class=\"gb-container gb-container-cceb30ff\">\n<div class=\"gb-grid-wrapper gb-grid-wrapper-a4691cf5\">\n<div class=\"gb-grid-column gb-grid-column-694aba5d\"><div class=\"gb-container gb-container-694aba5d\">\n\n<h1 class=\"gb-headline gb-headline-e3b2cb2d gb-headline-text animated fadeInDown fast\"><strong>SRA entwickelt moderne, hochwertige und <mark class=\"gb-highlight\">benutzerfreundliche<\/mark> mobile Apps f\u00fcr <mark class=\"gb-highlight\">Slotcars<\/mark>.<\/strong><\/h1>\n\n\n\n<p class=\"gb-headline gb-headline-45571588 gb-headline-text animated fadeInDown delay-200ms\">SRA ist der weltweit f\u00fchrende Hersteller von Rennmanagement-Software f\u00fcr Slotcar-Rennsysteme mit Apps f\u00fcr Carrera\u00ae Digital, SCX\u00ae Advance, Scalextric\u00ae ARC, Carrera\u00ae Go!!! Plus und jedes analoge Slotcar-System.<\/p>\n\n\n\n<a class=\"gb-button gb-button-45ebcd7d gb-button-text smooth-scroll animated fadeInDown delay-500ms  bigger-border-on-hover\" href=\"#apps\">Verf\u00fcgbare Apps entdecken<\/a>\n\n<\/div><\/div>\n<\/div>\n<\/div>\n<\/div>\n\n<div class=\"gb-container gb-container-581d7ffd\" id=\"apps\">\n<div class=\"gb-container gb-container-b52be785\">\n<div class=\"gb-grid-wrapper gb-grid-wrapper-c61ebd56\">\n<div class=\"gb-grid-column gb-grid-column-37aa5ec2\"><div class=\"gb-container gb-container-37aa5ec2\">\n<div class=\"gb-grid-wrapper gb-grid-wrapper-1b33e8bf\">\n<div class=\"gb-grid-column gb-grid-column-7cf1c6ea\"><div class=\"gb-container gb-container-7cf1c6ea\">\n\n<figure class=\"gb-block-image gb-block-image-3aaedebf\"><img loading=\"lazy\" decoding=\"async\" width=\"999\" height=\"999\" class=\"gb-image gb-image-3aaedebf\" src=\"https:\/\/smartraceapps.com\/wp-content\/uploads\/2024\/01\/Logo-gross-heller-Hintergrund-e1705331065177.png\" alt=\"\" title=\"Logo-gross-heller-Hintergrund\" srcset=\"https:\/\/www.smartraceapps.com\/wp-content\/uploads\/2024\/01\/Logo-gross-heller-Hintergrund-e1705331065177.png 999w, https:\/\/www.smartraceapps.com\/wp-content\/uploads\/2024\/01\/Logo-gross-heller-Hintergrund-e1705331065177-300x300.png 300w, https:\/\/www.smartraceapps.com\/wp-content\/uploads\/2024\/01\/Logo-gross-heller-Hintergrund-e1705331065177-150x150.png 150w, https:\/\/www.smartraceapps.com\/wp-content\/uploads\/2024\/01\/Logo-gross-heller-Hintergrund-e1705331065177-768x768.png 768w\" sizes=\"auto, (max-width: 999px) 100vw, 999px\" \/><\/figure>\n\n<\/div><\/div>\n\n<div class=\"gb-grid-column gb-grid-column-d30972e7\"><div class=\"gb-container gb-container-d30972e7\">\n\n<h3 class=\"gb-headline gb-headline-5a7c3982 gb-headline-text\">SmartRace f\u00fcr Carrera Digital<\/h3>\n\n\n\n<p>In erster Linie f\u00fcr Carrera Digital 132\/124 gedacht, enth\u00e4lt aber auch einen speziellen Analogmodus f\u00fcr jede Art von Analogsystem.<\/p>\n\n\n\n<a class=\"gb-button gb-button-4929aa88 gb-button-text bigger-border-on-hover\" href=\"https:\/\/www.smartrace.de\" target=\"_blank\" rel=\"noopener noreferrer\">Mehr erfahren<\/a>\n\n<\/div><\/div>\n<\/div>\n<\/div><\/div>\n\n<div class=\"gb-grid-column gb-grid-column-c4576474\"><div class=\"gb-container gb-container-c4576474\">\n<div class=\"gb-grid-wrapper gb-grid-wrapper-3e859719\">\n<div class=\"gb-grid-column gb-grid-column-f5bc3f9e\"><div class=\"gb-container gb-container-f5bc3f9e\">\n\n<figure class=\"gb-block-image gb-block-image-60b82f3e\"><img loading=\"lazy\" decoding=\"async\" width=\"1001\" height=\"998\" class=\"gb-image gb-image-60b82f3e\" src=\"https:\/\/smartraceapps.com\/wp-content\/uploads\/2024\/01\/Logo-heller-Hintergrund-e1705331048762.png\" alt=\"\" title=\"Logo-heller-Hintergrund\" srcset=\"https:\/\/www.smartraceapps.com\/wp-content\/uploads\/2024\/01\/Logo-heller-Hintergrund-e1705331048762.png 1001w, https:\/\/www.smartraceapps.com\/wp-content\/uploads\/2024\/01\/Logo-heller-Hintergrund-e1705331048762-300x300.png 300w, https:\/\/www.smartraceapps.com\/wp-content\/uploads\/2024\/01\/Logo-heller-Hintergrund-e1705331048762-150x150.png 150w, https:\/\/www.smartraceapps.com\/wp-content\/uploads\/2024\/01\/Logo-heller-Hintergrund-e1705331048762-768x766.png 768w\" sizes=\"auto, (max-width: 1001px) 100vw, 1001px\" \/><\/figure>\n\n<\/div><\/div>\n\n<div class=\"gb-grid-column gb-grid-column-518f1822\"><div class=\"gb-container gb-container-518f1822\">\n\n<h3 class=\"gb-headline gb-headline-2f3ea48d gb-headline-text\">SmartRace f\u00fcr SCX Advance<\/h3>\n\n\n\n<p>SCX Advance ist die Antwort von SCX\/Scalextrics auf die Anforderungen moderner Slotcar-Fans.<\/p>\n\n\n\n<a class=\"gb-button gb-button-ce6fe9db gb-button-text bigger-border-on-hover\" href=\"https:\/\/www.smartrace-scx.com\/de\" target=\"_blank\" rel=\"noopener noreferrer\">Mehr erfahren<\/a>\n\n<\/div><\/div>\n<\/div>\n<\/div><\/div>\n\n<div class=\"gb-grid-column gb-grid-column-f3256f66\"><div class=\"gb-container gb-container-f3256f66\">\n<div class=\"gb-grid-wrapper gb-grid-wrapper-04ee2ab3\">\n<div class=\"gb-grid-column gb-grid-column-a0888039\"><div class=\"gb-container gb-container-a0888039\">\n\n<figure class=\"gb-block-image gb-block-image-50f95565\"><img loading=\"lazy\" decoding=\"async\" width=\"999\" height=\"999\" class=\"gb-image gb-image-50f95565\" src=\"https:\/\/smartraceapps.com\/wp-content\/uploads\/2024\/01\/Logo-gross-heller-Hintergrund-1-e1705331022603.png\" alt=\"\" title=\"Logo-gross-heller-Hintergrund-1\" srcset=\"https:\/\/www.smartraceapps.com\/wp-content\/uploads\/2024\/01\/Logo-gross-heller-Hintergrund-1-e1705331022603.png 999w, https:\/\/www.smartraceapps.com\/wp-content\/uploads\/2024\/01\/Logo-gross-heller-Hintergrund-1-e1705331022603-300x300.png 300w, https:\/\/www.smartraceapps.com\/wp-content\/uploads\/2024\/01\/Logo-gross-heller-Hintergrund-1-e1705331022603-150x150.png 150w, https:\/\/www.smartraceapps.com\/wp-content\/uploads\/2024\/01\/Logo-gross-heller-Hintergrund-1-e1705331022603-768x768.png 768w\" sizes=\"auto, (max-width: 999px) 100vw, 999px\" \/><\/figure>\n\n<\/div><\/div>\n\n<div class=\"gb-grid-column gb-grid-column-f949c1a9\"><div class=\"gb-container gb-container-f949c1a9\">\n\n<h3 class=\"gb-headline gb-headline-8ab5142a gb-headline-text\">SmartRace f\u00fcr Carrera Go!!! Plus<\/h3>\n\n\n\n<p>Mit dem enthaltenen einfachen Modus ist diese App nicht nur f\u00fcr Kids geeignet, sondern auch f\u00fcr ihre ambitionierteren Papas.<\/p>\n\n\n\n<a class=\"gb-button gb-button-c7e608e5 gb-button-text bigger-border-on-hover\" href=\"https:\/\/www.smartrace-goplus.de\" target=\"_blank\" rel=\"noopener noreferrer\">Mehr erfahren<\/a>\n\n<\/div><\/div>\n<\/div>\n<\/div><\/div>\n\n<div class=\"gb-grid-column gb-grid-column-dde488be\"><div class=\"gb-container gb-container-dde488be\">\n<div class=\"gb-grid-wrapper gb-grid-wrapper-b67cb468\">\n<div class=\"gb-grid-column gb-grid-column-347d33cc\"><div class=\"gb-container gb-container-347d33cc\">\n\n<figure class=\"gb-block-image gb-block-image-2eee3046\"><img loading=\"lazy\" decoding=\"async\" width=\"999\" height=\"999\" class=\"gb-image gb-image-2eee3046\" src=\"https:\/\/smartraceapps.com\/wp-content\/uploads\/2024\/01\/Logo-gross-heller-Hintergrund-2-e1705331001552.png\" alt=\"\" title=\"Logo-gross-heller-Hintergrund-2\" srcset=\"https:\/\/www.smartraceapps.com\/wp-content\/uploads\/2024\/01\/Logo-gross-heller-Hintergrund-2-e1705331001552.png 999w, https:\/\/www.smartraceapps.com\/wp-content\/uploads\/2024\/01\/Logo-gross-heller-Hintergrund-2-e1705331001552-300x300.png 300w, https:\/\/www.smartraceapps.com\/wp-content\/uploads\/2024\/01\/Logo-gross-heller-Hintergrund-2-e1705331001552-150x150.png 150w, https:\/\/www.smartraceapps.com\/wp-content\/uploads\/2024\/01\/Logo-gross-heller-Hintergrund-2-e1705331001552-768x768.png 768w\" sizes=\"auto, (max-width: 999px) 100vw, 999px\" \/><\/figure>\n\n<\/div><\/div>\n\n<div class=\"gb-grid-column gb-grid-column-a66c6b09\"><div class=\"gb-container gb-container-a66c6b09\">\n\n<h3 class=\"gb-headline gb-headline-78e7f367 gb-headline-text\">SmartRace Connect<\/h3>\n\n\n\n<p>Mit SmartRace Connect hat geder Fahrer sein eigenes Fahrerdisplay &#8211; und mehr.<\/p>\n\n\n\n<a class=\"gb-button gb-button-a5e47dda gb-button-text bigger-border-on-hover\" href=\"https:\/\/www.smartrace.de\/connect\" target=\"_blank\" rel=\"noopener noreferrer\">Mehr erfahren<\/a>\n\n<\/div><\/div>\n<\/div>\n<\/div><\/div>\n\n<div class=\"gb-grid-column gb-grid-column-f85679ad\"><div class=\"gb-container gb-container-f85679ad\">\n<div class=\"gb-grid-wrapper gb-grid-wrapper-c29c8180\">\n<div class=\"gb-grid-column gb-grid-column-bf8c8674\"><div class=\"gb-container gb-container-bf8c8674\">\n\n<figure class=\"gb-block-image gb-block-image-10abb0a0\"><img loading=\"lazy\" decoding=\"async\" width=\"946\" height=\"946\" class=\"gb-image gb-image-10abb0a0\" src=\"https:\/\/www.smartraceapps.com\/wp-content\/uploads\/2024\/10\/bimi.png\" alt=\"\" title=\"bimi\" srcset=\"https:\/\/www.smartraceapps.com\/wp-content\/uploads\/2024\/10\/bimi.png 946w, https:\/\/www.smartraceapps.com\/wp-content\/uploads\/2024\/10\/bimi-300x300.png 300w, https:\/\/www.smartraceapps.com\/wp-content\/uploads\/2024\/10\/bimi-150x150.png 150w, https:\/\/www.smartraceapps.com\/wp-content\/uploads\/2024\/10\/bimi-768x768.png 768w\" sizes=\"auto, (max-width: 946px) 100vw, 946px\" \/><\/figure>\n\n<\/div><\/div>\n\n<div class=\"gb-grid-column gb-grid-column-ccad7864\"><div class=\"gb-container gb-container-ccad7864\">\n\n<h3 class=\"gb-headline gb-headline-8f305508 gb-headline-text\">SmartRace f\u00fcr Scalextric ARC<\/h3>\n\n\n\n<p>Scalextric ARC (App Race Control) ist ein bew\u00e4hrtes System f\u00fcr analoge und digitale Slotcar-Rennen.<\/p>\n\n\n\n<a class=\"gb-button gb-button-aeef94ad gb-button-text bigger-border-on-hover\" href=\"https:\/\/www.smartrace-arc.com\" target=\"_blank\" rel=\"noopener noreferrer\">Mehr erfahren<\/a>\n\n<\/div><\/div>\n<\/div>\n<\/div><\/div>\n<\/div>\n<\/div>\n<\/div>\n\n<div class=\"gb-container gb-container-81607da4\">\n<div class=\"gb-container gb-container-43cd2777\">\n\n<h2 class=\"gb-headline gb-headline-b8543037 gb-headline-text\">Das sagen Nutzer \u00fcber SRA Apps<\/h2>\n\n\n\n<h5 class=\"gb-headline gb-headline-c3d83dce gb-headline-text\">Echte Bewertungen aus den App Stores.<\/h5>\n\n\n<div class=\"gb-container gb-container-9401e11f\">\n<div class=\"gb-grid-wrapper gb-grid-wrapper-64c6b4dd\">\n<div class=\"gb-grid-column gb-grid-column-90e5da2d\"><div class=\"gb-container gb-container-90e5da2d\">\n<div class=\"gb-container gb-container-8816aa02 animated fadeIn\">\n<div class=\"gb-container gb-container-faac5d67\">\n\n<p>\u2605\u2605\u2605\u2605\u2605<\/p>\n\n<\/div>\n\n\n<p class=\"gb-headline gb-headline-4069c825 gb-headline-text gutenslider-content-initial\">Awesome all the features you have, continuously as improvements updates and a perfect performance. <mark class=\"gb-highlight\">The indispensable companion<\/mark> for digital carrera slot!<\/p>\n\n\n\n<h6 class=\"gb-headline gb-headline-f1892e95 gb-headline-text\">SmartRace for Carrera Digital<\/h6>\n\n<\/div>\n<\/div><\/div>\n\n<div class=\"gb-grid-column gb-grid-column-2f691914\"><div class=\"gb-container gb-container-2f691914\">\n<div class=\"gb-container gb-container-0672ebc2 animated fadeIn delay-500ms\">\n<div class=\"gb-container gb-container-b1dbda73\">\n\n<p>\u2605\u2605\u2605\u2605\u2605<\/p>\n\n<\/div>\n\n\n<p class=\"gb-headline gb-headline-d49a74bf gb-headline-text gutenslider-content-initial\">For the SCX Advance 2.0 system, this app is a must for everyone looking for that extra bit of driving fun. A big compliment to the developer of the APP. In addition, perfect support is available for technical questions.<\/p>\n\n\n\n<h6 class=\"gb-headline gb-headline-726bdbb0 gb-headline-text\">SmartRace for SCX Advance<\/h6>\n\n<\/div>\n<\/div><\/div>\n\n<div class=\"gb-grid-column gb-grid-column-1e07ea11\"><div class=\"gb-container gb-container-1e07ea11\">\n<div class=\"gb-container gb-container-a9228827 animated fadeIn delay-1s\">\n<div class=\"gb-container gb-container-0890a3c1\">\n\n<p>\u2605\u2605\u2605\u2605\u2605<\/p>\n\n<\/div>\n\n\n<p class=\"gb-headline gb-headline-3d8efb7b gb-headline-text gutenslider-content-initial\">Excellent! Bought Carrera Go!!! Plus for size, price and this app. It is spectacular! Carrera really lost out and SmartRace picked up their downfall and turned it into a win!<\/p>\n\n\n\n<h6 class=\"gb-headline gb-headline-308fc8bc gb-headline-text\">SmartRace for Carrera Go!!! Plus<\/h6>\n\n<\/div>\n<\/div><\/div>\n<\/div>\n<\/div>\n<\/div>\n<\/div>\n\n<div class=\"gb-container gb-container-f69666d5\">\n<div class=\"gb-container gb-container-9671931c\">\n<div class=\"gb-container gb-container-f5567866\">\n<div class=\"gb-grid-wrapper gb-grid-wrapper-175fa65f\">\n<div class=\"gb-grid-column gb-grid-column-f9420d5d\"><div class=\"gb-container gb-container-f9420d5d\">\n\n<h2 class=\"gb-headline gb-headline-276c404b gb-headline-text o-count-delay-200ms\"><o-anim-count>65<\/o-anim-count><\/h2>\n\n\n\n<h2 class=\"gb-headline gb-headline-61dcb2cf gb-headline-text o-count-delay-200ms\"><o-anim-count>+<\/o-anim-count> <\/h2>\n\n\n\n<h3 class=\"gb-headline gb-headline-1882c8d0 gb-headline-text\">L\u00e4nder<\/h3>\n\n<\/div><\/div>\n\n<div class=\"gb-grid-column gb-grid-column-21f7722c\"><div class=\"gb-container gb-container-21f7722c\">\n\n<h2 class=\"gb-headline gb-headline-3034748b gb-headline-text\"><o-anim-count>60.000<\/o-anim-count><\/h2>\n\n\n\n<h2 class=\"gb-headline gb-headline-5a82e5d1 gb-headline-text\">+<\/h2>\n\n\n\n<h3 class=\"gb-headline gb-headline-647c6cfa gb-headline-text\">App-Installationen<\/h3>\n\n<\/div><\/div>\n\n<div class=\"gb-grid-column gb-grid-column-f1b04394\"><div class=\"gb-container gb-container-f1b04394\">\n\n<h2 class=\"gb-headline gb-headline-08fdfd1f gb-headline-text o-count-delay-500ms\">9 <\/h2>\n\n\n\n<h3 class=\"gb-headline gb-headline-fe050fa0 gb-headline-text\">Sprachen<\/h3>\n\n<\/div><\/div>\n<\/div>\n<\/div>\n<\/div>\n<\/div>","protected":false},"excerpt":{"rendered":"<p>Das sagen Nutzer \u00fcber SRA Apps Echte Bewertungen aus den App Stores.<\/p>\n","protected":false},"author":1,"featured_media":0,"parent":0,"menu_order":0,"comment_status":"closed","ping_status":"open","template":"","meta":{"footnotes":""},"class_list":["post-360","page","type-page","status-publish"],"_links":{"self":[{"href":"https:\/\/www.smartraceapps.com\/de\/wp-json\/wp\/v2\/pages\/360","targetHints":{"allow":["GET"]}}],"collection":[{"href":"https:\/\/www.smartraceapps.com\/de\/wp-json\/wp\/v2\/pages"}],"about":[{"href":"https:\/\/www.smartraceapps.com\/de\/wp-json\/wp\/v2\/types\/page"}],"author":[{"embeddable":true,"href":"https:\/\/www.smartraceapps.com\/de\/wp-json\/wp\/v2\/users\/1"}],"replies":[{"embeddable":true,"href":"https:\/\/www.smartraceapps.com\/de\/wp-json\/wp\/v2\/comments?post=360"}],"version-history":[{"count":5,"href":"https:\/\/www.smartraceapps.com\/de\/wp-json\/wp\/v2\/pages\/360\/revisions"}],"predecessor-version":[{"id":538,"href":"https:\/\/www.smartraceapps.com\/de\/wp-json\/wp\/v2\/pages\/360\/revisions\/538"}],"wp:attachment":[{"href":"https:\/\/www.smartraceapps.com\/de\/wp-json\/wp\/v2\/media?parent=360"}],"curies":[{"name":"wp","href":"https:\/\/api.w.org\/{rel}","templated":true}]}}